{"id":120,"date":"2020-04-05T11:58:45","date_gmt":"2020-04-05T09:58:45","guid":{"rendered":"https:\/\/pilotbenito.wordpress.com\/?page_id=120"},"modified":"2025-04-07T04:17:15","modified_gmt":"2025-04-07T04:17:15","slug":"atpla-airline-transport-pilot-licence","status":"publish","type":"page","link":"https:\/\/www.ftonord.de\/?page_id=120","title":{"rendered":"ATPL(A) Airline Transport Pilot Licence"},"content":{"rendered":"\n<p class=\"has-small-font-size\">Die <strong>ATPL (A)<\/strong>, die <strong>\u201cLizenz f\u00fcr <strong>Verkehrspilot<\/strong>:innen (Flugzeug)\u201d<\/strong> nach Teil-FCL ist eine europaweit g\u00fcltige und in vielen anderen Staaten anerkannte Lizenz zum F\u00fchren von Flugzeugen<strong> im gewerblichen Betrieb<\/strong>.<br>Mit dem Erhalt dieser Lizenz bist du berechtigt, single-pilot aircraft als auch multi-pilot aircraft als Pilot in command (PIC) gewerblich zu fliegen, wenn du unter anderem ein aktives Type \/ Class Rating hast.<\/p>\n\n\n\n<p class=\"has-small-font-size\">Multi-pilot aircraft sind z.B. : Falcon 7X, Citation X, Airbus 320 , Boeing 737, Embraer 190<\/p>\n\n\n\n<h5 id=\"top\">Ausbildungsablauf<\/h5>\n\n\n\n<p class=\"has-small-font-size\">Diese Ausbildung besteht ausschlie\u00dflich aus Theorie, die wir in Kooperation mit <a href=\"https:\/\/www.cat-europe.com\/de\/\">Civil Aviation Training<\/a> durchf\u00fchren.  Die erg\u00e4nzend zum Fernlehrgang ben\u00f6tigten Theoriestunden finden in unseren R\u00e4umen in der FTO Nord in Hamburg statt. Den n\u00e4chsten Start-Termin kannst du unserem <a href=\"https:\/\/www.ftonord.de\/wp-content\/uploads\/2025\/01\/kalender-2025.pdf\" data-type=\"URL\" target=\"_blank\" rel=\"noreferrer noopener\">Ausbildungskalender <\/a>entnehmen.<\/p>\n\n\n\n<p class=\"has-small-font-size\">Nach Bestehen der Pr\u00fcfung beim LBA wird deine PPL(A) \/ CPL(A) durch den Eintrag &#8222;ATPL Theory&#8220; erg\u00e4nzt.<\/p>\n\n\n\n<h5>Die Ausbildungsvoraussetzungen:<\/h5>\n\n\n\n<ul class=\"has-small-font-size\"><li>ICAO-konforme PPL(A) <\/li><\/ul>\n\n\n\n<p class=\"has-small-font-size\">Die genauen Details erf\u00e4hrst du bei der Anmeldung in der FTO Nord<\/p>\n\n\n\n<div class=\"wp-block-file\"><a href=\"https:\/\/www.ftonord.de\/wp-content\/uploads\/2025\/04\/Preisliste-ATPLA-Januar-2025-NF.pdf\">Preisliste als PDF<\/a><a href=\"https:\/\/www.ftonord.de\/wp-content\/uploads\/2025\/04\/Preisliste-ATPLA-Januar-2025-NF.pdf\" class=\"wp-block-file__button\" download=\"\">Herunterladen<\/a><\/div>\n\n\n\n<div class=\"wp-block-group\"><div class=\"wp-block-group__inner-container\">\n<hr class=\"wp-block-separator aligncenter is-style-wide\"\/>\n\n\n\n<div class=\"wp-block-buttons is-content-justification-center\">\n<div class=\"wp-block-button\"><a class=\"wp-block-button__link has-secondary-background-color has-background\" href=\"https:\/\/www.ftonord.de\/?page_id=452\">Zur\u00fcck zur \u00dcbersicht<\/a><\/div>\n\n\n\n<div class=\"wp-block-button\"><a class=\"wp-block-button__link has-secondary-background-color has-background\" href=\"#\">Zur\u00fcck nach oben<\/a><\/div>\n\n\n\n<div class=\"wp-block-button\"><a class=\"wp-block-button__link has-secondary-background-color has-background\" href=\"https:\/\/www.ftonord.de\/?page_id=8\">In Kontakt treten<\/a><\/div>\n<\/div>\n\n\n\n<hr class=\"wp-block-separator aligncenter is-style-wide\"\/>\n<\/div><\/div>\n\n\n\n<p><\/p>\n","protected":false},"excerpt":{"rendered":"<p>Die ATPL (A), die \u201cLizenz f\u00fcr Verkehrspilot:innen (Flugzeug)\u201d nach Teil-FCL ist eine europaweit g\u00fcltige und in vielen anderen Staaten anerkannte Lizenz zum F\u00fchren von Flugzeugen im gewerblichen Betrieb.Mit dem Erhalt dieser Lizenz bist du berechtigt, single-pilot aircraft als auch multi-pilot aircraft als Pilot in command (PIC) gewerblich zu fliegen, wenn du unter anderem ein aktives [&hellip;]<\/p>\n","protected":false},"author":2,"featured_media":0,"parent":452,"menu_order":1,"comment_status":"closed","ping_status":"closed","template":"","meta":{"spay_email":""},"_links":{"self":[{"href":"https:\/\/www.ftonord.de\/index.php?rest_route=\/wp\/v2\/pages\/120"}],"collection":[{"href":"https:\/\/www.ftonord.de\/index.php?rest_route=\/wp\/v2\/pages"}],"about":[{"href":"https:\/\/www.ftonord.de\/index.php?rest_route=\/wp\/v2\/types\/page"}],"author":[{"embeddable":true,"href":"https:\/\/www.ftonord.de\/index.php?rest_route=\/wp\/v2\/users\/2"}],"replies":[{"embeddable":true,"href":"https:\/\/www.ftonord.de\/index.php?rest_route=%2Fwp%2Fv2%2Fcomments&post=120"}],"version-history":[{"count":23,"href":"https:\/\/www.ftonord.de\/index.php?rest_route=\/wp\/v2\/pages\/120\/revisions"}],"predecessor-version":[{"id":4360,"href":"https:\/\/www.ftonord.de\/index.php?rest_route=\/wp\/v2\/pages\/120\/revisions\/4360"}],"up":[{"embeddable":true,"href":"https:\/\/www.ftonord.de\/index.php?rest_route=\/wp\/v2\/pages\/452"}],"wp:attachment":[{"href":"https:\/\/www.ftonord.de\/index.php?rest_route=%2Fwp%2Fv2%2Fmedia&parent=120"}],"curies":[{"name":"wp","href":"https:\/\/api.w.org\/{rel}","templated":true}]}}