{"id":35,"date":"2020-03-28T18:21:55","date_gmt":"2020-03-28T17:21:55","guid":{"rendered":"https:\/\/pilotbenito.wordpress.com\/?page_id=35"},"modified":"2025-05-31T16:11:25","modified_gmt":"2025-05-31T16:11:25","slug":"flying-training-organisation-nord","status":"publish","type":"page","link":"https:\/\/www.ftonord.de\/","title":{"rendered":"Home"},"content":{"rendered":"\n<div class=\"wp-block-group alignfull has-background-background-color has-background\"><div class=\"wp-block-group__inner-container\">\n<div class=\"wp-block-columns alignwide are-vertically-aligned-center\">\n<div class=\"wp-block-column is-vertically-aligned-center\" style=\"flex-basis:67%\">\n<figure class=\"wp-block-image size-large is-style-default\"><img loading=\"lazy\" width=\"1024\" height=\"768\" src=\"https:\/\/i1.wp.com\/www2.ftonord.de\/wp-content\/uploads\/2021\/10\/gemc-1024x768.jpeg?resize=1024%2C768&#038;ssl=1\" alt=\"\" class=\"wp-image-569\" srcset=\"https:\/\/i2.wp.com\/www.ftonord.de\/wp-content\/uploads\/2021\/10\/gemc.jpeg?resize=1024%2C768&amp;ssl=1 1024w, https:\/\/i2.wp.com\/www.ftonord.de\/wp-content\/uploads\/2021\/10\/gemc.jpeg?resize=300%2C225&amp;ssl=1 300w, https:\/\/i2.wp.com\/www.ftonord.de\/wp-content\/uploads\/2021\/10\/gemc.jpeg?resize=768%2C576&amp;ssl=1 768w, https:\/\/i2.wp.com\/www.ftonord.de\/wp-content\/uploads\/2021\/10\/gemc.jpeg?resize=1536%2C1152&amp;ssl=1 1536w, https:\/\/i2.wp.com\/www.ftonord.de\/wp-content\/uploads\/2021\/10\/gemc.jpeg?resize=1568%2C1176&amp;ssl=1 1568w, https:\/\/i2.wp.com\/www.ftonord.de\/wp-content\/uploads\/2021\/10\/gemc.jpeg?w=1600&amp;ssl=1 1600w\" sizes=\"(max-width: 1000px) 100vw, 1000px\" data-recalc-dims=\"1\" \/><\/figure>\n<\/div>\n\n\n\n<div class=\"wp-block-column is-vertically-aligned-center\" style=\"flex-basis:33%\">\n<h2>Entdecke die Welt<\/h2>\n\n\n\n<p>Dich erwarten gro\u00dfartige Touren und kurzweilige Abenteuer. Jeder f\u00e4ngt mal klein an, und um das Lernen kommt niemand rum.<\/p>\n\n\n\n<div class=\"wp-block-button\"><a class=\"wp-block-button__link has-secondary-background-color has-background\" href=\"https:\/\/www.ftonord.de\/?page_id=452\" rel=\"https:\/\/pilotbenito.wordpress.com\/pilotenausbildung\/\">zu den Lizenzen<\/a><\/div>\n<\/div>\n<\/div>\n<\/div><\/div>\n\n\n\n<hr class=\"wp-block-separator aligncenter has-text-color has-background has-black-background-color has-black-color is-style-wide\"\/>\n\n\n\n<div class=\"wp-block-media-text alignfull has-media-on-the-right is-stacked-on-mobile is-vertically-aligned-center has-foreground-background-color has-background\"><figure class=\"wp-block-media-text__media\"><img loading=\"lazy\" width=\"1024\" height=\"768\" src=\"https:\/\/i2.wp.com\/www2.ftonord.de\/wp-content\/uploads\/2021\/10\/bilds-1024x768.jpg?resize=1024%2C768&#038;ssl=1\" alt=\"\" class=\"wp-image-570 size-full\" srcset=\"https:\/\/i0.wp.com\/www.ftonord.de\/wp-content\/uploads\/2021\/10\/bilds.jpg?resize=1024%2C768&amp;ssl=1 1024w, https:\/\/i0.wp.com\/www.ftonord.de\/wp-content\/uploads\/2021\/10\/bilds.jpg?resize=300%2C225&amp;ssl=1 300w, https:\/\/i0.wp.com\/www.ftonord.de\/wp-content\/uploads\/2021\/10\/bilds.jpg?resize=768%2C576&amp;ssl=1 768w, https:\/\/i0.wp.com\/www.ftonord.de\/wp-content\/uploads\/2021\/10\/bilds.jpg?resize=1536%2C1152&amp;ssl=1 1536w, https:\/\/i0.wp.com\/www.ftonord.de\/wp-content\/uploads\/2021\/10\/bilds.jpg?resize=1568%2C1176&amp;ssl=1 1568w, https:\/\/i0.wp.com\/www.ftonord.de\/wp-content\/uploads\/2021\/10\/bilds.jpg?w=2016&amp;ssl=1 2016w\" sizes=\"(max-width: 1000px) 100vw, 1000px\" data-recalc-dims=\"1\" \/><\/figure><div class=\"wp-block-media-text__content\">\n<h2>Entdecke grenzenlose Sch\u00f6nheit<\/h2>\n\n\n\n<p>Lerne verschiedene Menschen, Kulturen, Traditionen und Landschaften kennen. Bei uns geht das auch neben dem Job. Unsere Ausbildung ist modular und unsere Fluglehrer:innen sind flexibel. <\/p>\n<\/div><\/div>\n\n\n\n<hr class=\"wp-block-separator aligncenter has-text-color has-background has-black-background-color has-black-color is-style-wide\"\/>\n\n\n\n<div class=\"wp-block-group alignfull has-background-background-color has-background\"><div class=\"wp-block-group__inner-container\">\n<div class=\"wp-block-columns alignwide are-vertically-aligned-center\">\n<div class=\"wp-block-column is-vertically-aligned-center\" style=\"flex-basis:33%\">\n<h2>Unsere Flotte<\/h2>\n\n\n\n<p>Bei uns ist alles darauf ausgelegt, jedem vom Privatpiloten bis zum Verkehrspiloten eine sehr gute Ausbildung zu erm\u00f6glichen. Deswegen sind unsere Flugzeuge full IFR und mit allem, was das Herz begehrt, ausgestattet.<\/p>\n\n\n\n<div class=\"wp-block-button\"><a class=\"wp-block-button__link has-secondary-background-color has-background\" href=\"https:\/\/www.ftonord.de\/?page_id=64\" rel=\"https:\/\/pilotbenito.wordpress.com\/flugzeugcharter\/\/\">Charterangebote ansehen<\/a><\/div>\n<\/div>\n\n\n\n<div class=\"wp-block-column is-vertically-aligned-center\" style=\"flex-basis:67%\">\n<figure class=\"wp-block-gallery columns-2 is-cropped\"><ul class=\"blocks-gallery-grid\"><li class=\"blocks-gallery-item\"><figure><img loading=\"lazy\" width=\"1024\" height=\"677\" src=\"https:\/\/i0.wp.com\/www2.ftonord.de\/wp-content\/uploads\/2021\/10\/dgemc-2-1024x677.jpeg?resize=1024%2C677&#038;ssl=1\" alt=\"\" data-id=\"572\" data-link=\"https:\/\/www2.ftonord.de\/?attachment_id=572\" class=\"wp-image-572\" srcset=\"https:\/\/i2.wp.com\/www.ftonord.de\/wp-content\/uploads\/2021\/10\/dgemc-2.jpeg?resize=1024%2C677&amp;ssl=1 1024w, https:\/\/i2.wp.com\/www.ftonord.de\/wp-content\/uploads\/2021\/10\/dgemc-2.jpeg?resize=300%2C198&amp;ssl=1 300w, https:\/\/i2.wp.com\/www.ftonord.de\/wp-content\/uploads\/2021\/10\/dgemc-2.jpeg?resize=768%2C508&amp;ssl=1 768w, https:\/\/i2.wp.com\/www.ftonord.de\/wp-content\/uploads\/2021\/10\/dgemc-2.jpeg?resize=1536%2C1016&amp;ssl=1 1536w, https:\/\/i2.wp.com\/www.ftonord.de\/wp-content\/uploads\/2021\/10\/dgemc-2.jpeg?resize=1568%2C1037&amp;ssl=1 1568w, https:\/\/i2.wp.com\/www.ftonord.de\/wp-content\/uploads\/2021\/10\/dgemc-2.jpeg?w=2048&amp;ssl=1 2048w\" sizes=\"(max-width: 1000px) 100vw, 1000px\" data-recalc-dims=\"1\" \/><\/figure><\/li><li class=\"blocks-gallery-item\"><figure><img loading=\"lazy\" width=\"1024\" height=\"768\" src=\"https:\/\/i0.wp.com\/www2.ftonord.de\/wp-content\/uploads\/2021\/10\/bildry-1024x768.jpg?resize=1024%2C768&#038;ssl=1\" alt=\"\" data-id=\"573\" data-link=\"https:\/\/www2.ftonord.de\/?attachment_id=573\" class=\"wp-image-573\" srcset=\"https:\/\/i1.wp.com\/www.ftonord.de\/wp-content\/uploads\/2021\/10\/bildry.jpg?resize=1024%2C768&amp;ssl=1 1024w, https:\/\/i1.wp.com\/www.ftonord.de\/wp-content\/uploads\/2021\/10\/bildry.jpg?resize=300%2C225&amp;ssl=1 300w, https:\/\/i1.wp.com\/www.ftonord.de\/wp-content\/uploads\/2021\/10\/bildry.jpg?resize=768%2C576&amp;ssl=1 768w, https:\/\/i1.wp.com\/www.ftonord.de\/wp-content\/uploads\/2021\/10\/bildry.jpg?resize=1536%2C1152&amp;ssl=1 1536w, https:\/\/i1.wp.com\/www.ftonord.de\/wp-content\/uploads\/2021\/10\/bildry.jpg?resize=1568%2C1176&amp;ssl=1 1568w, https:\/\/i1.wp.com\/www.ftonord.de\/wp-content\/uploads\/2021\/10\/bildry.jpg?w=2048&amp;ssl=1 2048w\" sizes=\"(max-width: 1000px) 100vw, 1000px\" data-recalc-dims=\"1\" \/><\/figure><\/li><li class=\"blocks-gallery-item\"><figure><img loading=\"lazy\" width=\"1024\" height=\"768\" src=\"https:\/\/i2.wp.com\/www2.ftonord.de\/wp-content\/uploads\/2021\/10\/bildlr-1024x768.jpg?resize=1024%2C768&#038;ssl=1\" alt=\"\" data-id=\"574\" data-link=\"https:\/\/www2.ftonord.de\/?attachment_id=574\" class=\"wp-image-574\" srcset=\"https:\/\/i0.wp.com\/www.ftonord.de\/wp-content\/uploads\/2021\/10\/bildlr.jpg?resize=1024%2C768&amp;ssl=1 1024w, https:\/\/i0.wp.com\/www.ftonord.de\/wp-content\/uploads\/2021\/10\/bildlr.jpg?resize=300%2C225&amp;ssl=1 300w, https:\/\/i0.wp.com\/www.ftonord.de\/wp-content\/uploads\/2021\/10\/bildlr.jpg?resize=768%2C576&amp;ssl=1 768w, https:\/\/i0.wp.com\/www.ftonord.de\/wp-content\/uploads\/2021\/10\/bildlr.jpg?resize=1536%2C1152&amp;ssl=1 1536w, https:\/\/i0.wp.com\/www.ftonord.de\/wp-content\/uploads\/2021\/10\/bildlr.jpg?resize=1568%2C1176&amp;ssl=1 1568w, https:\/\/i0.wp.com\/www.ftonord.de\/wp-content\/uploads\/2021\/10\/bildlr.jpg?w=2048&amp;ssl=1 2048w\" sizes=\"(max-width: 1000px) 100vw, 1000px\" data-recalc-dims=\"1\" \/><\/figure><\/li><li class=\"blocks-gallery-item\"><figure><img loading=\"lazy\" width=\"1024\" height=\"683\" src=\"https:\/\/i0.wp.com\/www2.ftonord.de\/wp-content\/uploads\/2021\/10\/img_40722-1024x683.jpg?resize=1024%2C683&#038;ssl=1\" alt=\"\" data-id=\"579\" data-full-url=\"https:\/\/www2.ftonord.de\/wp-content\/uploads\/2021\/10\/img_40722.jpg\" data-link=\"https:\/\/www2.ftonord.de\/?attachment_id=579\" class=\"wp-image-579\" srcset=\"https:\/\/i2.wp.com\/www.ftonord.de\/wp-content\/uploads\/2021\/10\/img_40722.jpg?resize=1024%2C683&amp;ssl=1 1024w, https:\/\/i2.wp.com\/www.ftonord.de\/wp-content\/uploads\/2021\/10\/img_40722.jpg?resize=300%2C200&amp;ssl=1 300w, https:\/\/i2.wp.com\/www.ftonord.de\/wp-content\/uploads\/2021\/10\/img_40722.jpg?resize=768%2C512&amp;ssl=1 768w, https:\/\/i2.wp.com\/www.ftonord.de\/wp-content\/uploads\/2021\/10\/img_40722.jpg?resize=1536%2C1024&amp;ssl=1 1536w, https:\/\/i2.wp.com\/www.ftonord.de\/wp-content\/uploads\/2021\/10\/img_40722.jpg?resize=2048%2C1366&amp;ssl=1 2048w, https:\/\/i2.wp.com\/www.ftonord.de\/wp-content\/uploads\/2021\/10\/img_40722.jpg?resize=1568%2C1046&amp;ssl=1 1568w\" sizes=\"(max-width: 1000px) 100vw, 1000px\" data-recalc-dims=\"1\" \/><\/figure><\/li><\/ul><\/figure>\n<\/div>\n<\/div>\n<\/div><\/div>\n\n\n\n<hr class=\"wp-block-separator aligncenter has-text-color has-background has-black-background-color has-black-color is-style-wide\"\/>\n\n\n\n<div class=\"wp-block-media-text alignwide is-stacked-on-mobile\"><figure class=\"wp-block-media-text__media\"><img loading=\"lazy\" width=\"1024\" height=\"768\" src=\"https:\/\/i2.wp.com\/www2.ftonord.de\/wp-content\/uploads\/2021\/10\/biltfntp2-1024x768.jpg?resize=1024%2C768&#038;ssl=1\" alt=\"\" class=\"wp-image-575 size-full\" srcset=\"https:\/\/i2.wp.com\/www.ftonord.de\/wp-content\/uploads\/2021\/10\/biltfntp2.jpg?resize=1024%2C768&amp;ssl=1 1024w, https:\/\/i2.wp.com\/www.ftonord.de\/wp-content\/uploads\/2021\/10\/biltfntp2.jpg?resize=300%2C225&amp;ssl=1 300w, https:\/\/i2.wp.com\/www.ftonord.de\/wp-content\/uploads\/2021\/10\/biltfntp2.jpg?resize=768%2C576&amp;ssl=1 768w, https:\/\/i2.wp.com\/www.ftonord.de\/wp-content\/uploads\/2021\/10\/biltfntp2.jpg?resize=1536%2C1152&amp;ssl=1 1536w, https:\/\/i2.wp.com\/www.ftonord.de\/wp-content\/uploads\/2021\/10\/biltfntp2.jpg?resize=1568%2C1176&amp;ssl=1 1568w, https:\/\/i2.wp.com\/www.ftonord.de\/wp-content\/uploads\/2021\/10\/biltfntp2.jpg?w=2048&amp;ssl=1 2048w\" sizes=\"(max-width: 1000px) 100vw, 1000px\" data-recalc-dims=\"1\" \/><\/figure><div class=\"wp-block-media-text__content\">\n<p class=\"has-large-font-size\">Simulator und Theorie in Hamburg <\/p>\n\n\n\n<p>Wir ziehen um! Ab 01.07.2025 findest Du unsere Schulungsr\u00e4ume, unseren FNTPII-Simulator und unsere Verwaltung in der Eiffestra\u00dfe 76 in 20537 Hamburg &#8211; direkt gegen\u00fcber vom Hamburg Centre for Aviation Training (HCAT).<\/p>\n<\/div><\/div>\n\n\n\n<hr class=\"wp-block-separator aligncenter has-text-color has-background has-black-background-color has-black-color is-style-wide\"\/>\n\n\n\n<div class=\"wp-block-media-text alignwide has-media-on-the-right is-stacked-on-mobile\"><figure class=\"wp-block-media-text__media\"><img loading=\"lazy\" width=\"1024\" height=\"501\" src=\"https:\/\/i2.wp.com\/www2.ftonord.de\/wp-content\/uploads\/2021\/10\/edhl2-1024x501.jpg?resize=1024%2C501&#038;ssl=1\" alt=\"\" class=\"wp-image-581 size-full\" srcset=\"https:\/\/i0.wp.com\/www.ftonord.de\/wp-content\/uploads\/2021\/10\/edhl2-scaled.jpg?resize=1024%2C501&amp;ssl=1 1024w, https:\/\/i0.wp.com\/www.ftonord.de\/wp-content\/uploads\/2021\/10\/edhl2-scaled.jpg?resize=300%2C147&amp;ssl=1 300w, https:\/\/i0.wp.com\/www.ftonord.de\/wp-content\/uploads\/2021\/10\/edhl2-scaled.jpg?resize=768%2C376&amp;ssl=1 768w, https:\/\/i0.wp.com\/www.ftonord.de\/wp-content\/uploads\/2021\/10\/edhl2-scaled.jpg?resize=1536%2C751&amp;ssl=1 1536w, https:\/\/i0.wp.com\/www.ftonord.de\/wp-content\/uploads\/2021\/10\/edhl2-scaled.jpg?resize=2048%2C1001&amp;ssl=1 2048w, https:\/\/i0.wp.com\/www.ftonord.de\/wp-content\/uploads\/2021\/10\/edhl2-scaled.jpg?resize=1568%2C767&amp;ssl=1 1568w\" sizes=\"(max-width: 1000px) 100vw, 1000px\" data-recalc-dims=\"1\" \/><\/figure><div class=\"wp-block-media-text__content\">\n<p class=\"has-large-font-size\">Unsere Homebase hat 2102 m:<\/p>\n\n\n\n<p class=\"has-large-font-size\">EDHL &#8211; LBC &#8211; L\u00fcbeck <strong>!<\/strong><\/p>\n\n\n\n<p class=\"has-secondary-color has-text-color\"><a href=\"https:\/\/www.flughafen-luebeck.de\/\" target=\"_blank\" rel=\"noreferrer noopener\">https:\/\/www.flughafen-luebeck.de\/<\/a><\/p>\n<\/div><\/div>\n\n\n\n<div class=\"wp-block-media-text alignwide is-stacked-on-mobile\" style=\"grid-template-columns:46% auto\"><figure class=\"wp-block-media-text__media\"><img loading=\"lazy\" width=\"1024\" height=\"524\" src=\"https:\/\/i1.wp.com\/www2.ftonord.de\/wp-content\/uploads\/2021\/12\/FHL-Logo-rgb-digital-72dpi-3000px-Breite-1024x524.png?resize=1024%2C524&#038;ssl=1\" alt=\"\" class=\"wp-image-834 size-full\" srcset=\"https:\/\/i0.wp.com\/www.ftonord.de\/wp-content\/uploads\/2021\/12\/FHL-Logo-rgb-digital-72dpi-3000px-Breite.png?resize=1024%2C524&amp;ssl=1 1024w, https:\/\/i0.wp.com\/www.ftonord.de\/wp-content\/uploads\/2021\/12\/FHL-Logo-rgb-digital-72dpi-3000px-Breite.png?resize=300%2C154&amp;ssl=1 300w, https:\/\/i0.wp.com\/www.ftonord.de\/wp-content\/uploads\/2021\/12\/FHL-Logo-rgb-digital-72dpi-3000px-Breite.png?resize=768%2C393&amp;ssl=1 768w, https:\/\/i0.wp.com\/www.ftonord.de\/wp-content\/uploads\/2021\/12\/FHL-Logo-rgb-digital-72dpi-3000px-Breite.png?resize=1536%2C786&amp;ssl=1 1536w, https:\/\/i0.wp.com\/www.ftonord.de\/wp-content\/uploads\/2021\/12\/FHL-Logo-rgb-digital-72dpi-3000px-Breite.png?resize=2048%2C1049&amp;ssl=1 2048w, https:\/\/i0.wp.com\/www.ftonord.de\/wp-content\/uploads\/2021\/12\/FHL-Logo-rgb-digital-72dpi-3000px-Breite.png?w=3000&amp;ssl=1 3000w\" sizes=\"(max-width: 1000px) 100vw, 1000px\" data-recalc-dims=\"1\" \/><\/figure><div class=\"wp-block-media-text__content\">\n<p class=\"has-large-font-size\">Kontrollzone und ILS CAT II<\/p>\n\n\n\n<p>Wir schulen von Beginn an auf dem Flughafen L\u00fcbeck und genie\u00dfen dort die Vorz\u00fcge eines internationalen Verkehrsflughafens.<\/p>\n<\/div><\/div>\n\n\n\n<hr class=\"wp-block-separator aligncenter has-text-color has-background has-black-background-color has-black-color is-style-wide\"\/>\n\n\n\n<div class=\"wp-block-media-text alignwide has-media-on-the-right is-stacked-on-mobile\" style=\"grid-template-columns:auto 49%\"><figure class=\"wp-block-media-text__media\"><img loading=\"lazy\" width=\"1024\" height=\"768\" src=\"https:\/\/i1.wp.com\/www2.ftonord.de\/wp-content\/uploads\/2021\/10\/image12-1024x768.jpeg?resize=1024%2C768&#038;ssl=1\" alt=\"\" class=\"wp-image-577 size-full\" srcset=\"https:\/\/i2.wp.com\/www.ftonord.de\/wp-content\/uploads\/2021\/10\/image12-scaled.jpeg?resize=1024%2C768&amp;ssl=1 1024w, https:\/\/i2.wp.com\/www.ftonord.de\/wp-content\/uploads\/2021\/10\/image12-scaled.jpeg?resize=300%2C225&amp;ssl=1 300w, https:\/\/i2.wp.com\/www.ftonord.de\/wp-content\/uploads\/2021\/10\/image12-scaled.jpeg?resize=768%2C576&amp;ssl=1 768w, https:\/\/i2.wp.com\/www.ftonord.de\/wp-content\/uploads\/2021\/10\/image12-scaled.jpeg?resize=1536%2C1152&amp;ssl=1 1536w, https:\/\/i2.wp.com\/www.ftonord.de\/wp-content\/uploads\/2021\/10\/image12-scaled.jpeg?resize=2048%2C1536&amp;ssl=1 2048w, https:\/\/i2.wp.com\/www.ftonord.de\/wp-content\/uploads\/2021\/10\/image12-scaled.jpeg?resize=1568%2C1176&amp;ssl=1 1568w\" sizes=\"(max-width: 1000px) 100vw, 1000px\" data-recalc-dims=\"1\" \/><\/figure><div class=\"wp-block-media-text__content\">\n<p class=\"has-large-font-size\">Nachtflugausbildung <\/p>\n\n\n\n<p>Warten auf die Nacht. Warum nicht mal Hamburg bei Nacht von oben sehen? <\/p>\n\n\n\n<p>Kein Problem mit der Nachtflugberechtigung.<\/p>\n<\/div><\/div>\n\n\n\n<hr class=\"wp-block-separator aligncenter is-style-wide\"\/>\n\n\n\n<div class=\"wp-block-buttons is-content-justification-center\">\n<div class=\"wp-block-button\"><a class=\"wp-block-button__link has-secondary-background-color has-background\" href=\"https:\/\/www.ftonord.de\/\">Zur\u00fcck nach oben<\/a><\/div>\n\n\n\n<div class=\"wp-block-button\"><a class=\"wp-block-button__link has-secondary-background-color has-background\" href=\"https:\/\/www.ftonord.de\/?page_id=8\">In Kontakt treten<\/a><\/div>\n<\/div>\n\n\n\n<hr class=\"wp-block-separator aligncenter is-style-wide\"\/>\n\n\n\n<p><\/p>\n","protected":false},"excerpt":{"rendered":"<p>Entdecke die Welt Dich erwarten gro\u00dfartige Touren und kurzweilige Abenteuer. Jeder f\u00e4ngt mal klein an, und um das Lernen kommt niemand rum. Entdecke grenzenlose Sch\u00f6nheit Lerne verschiedene Menschen, Kulturen, Traditionen und Landschaften kennen. Bei uns geht das auch neben dem Job. Unsere Ausbildung ist modular und unsere Fluglehrer:innen sind flexibel. Unsere Flotte Bei uns ist [&hellip;]<\/p>\n","protected":false},"author":2,"featured_media":0,"parent":0,"menu_order":0,"comment_status":"closed","ping_status":"closed","template":"","meta":{"spay_email":""},"_links":{"self":[{"href":"https:\/\/www.ftonord.de\/index.php?rest_route=\/wp\/v2\/pages\/35"}],"collection":[{"href":"https:\/\/www.ftonord.de\/index.php?rest_route=\/wp\/v2\/pages"}],"about":[{"href":"https:\/\/www.ftonord.de\/index.php?rest_route=\/wp\/v2\/types\/page"}],"author":[{"embeddable":true,"href":"https:\/\/www.ftonord.de\/index.php?rest_route=\/wp\/v2\/users\/2"}],"replies":[{"embeddable":true,"href":"https:\/\/www.ftonord.de\/index.php?rest_route=%2Fwp%2Fv2%2Fcomments&post=35"}],"version-history":[{"count":56,"href":"https:\/\/www.ftonord.de\/index.php?rest_route=\/wp\/v2\/pages\/35\/revisions"}],"predecessor-version":[{"id":5020,"href":"https:\/\/www.ftonord.de\/index.php?rest_route=\/wp\/v2\/pages\/35\/revisions\/5020"}],"wp:attachment":[{"href":"https:\/\/www.ftonord.de\/index.php?rest_route=%2Fwp%2Fv2%2Fmedia&parent=35"}],"curies":[{"name":"wp","href":"https:\/\/api.w.org\/{rel}","templated":true}]}}