{"id":452,"date":"2020-04-25T15:49:06","date_gmt":"2020-04-25T13:49:06","guid":{"rendered":"https:\/\/pilotbenito.wordpress.com\/?page_id=452"},"modified":"2025-01-07T12:49:34","modified_gmt":"2025-01-07T12:49:34","slug":"pilotenausbildung","status":"publish","type":"page","link":"https:\/\/www.ftonord.de\/?page_id=452","title":{"rendered":"Pilot:in-Ausbildung"},"content":{"rendered":"\n<div class=\"wp-block-group alignfull has-background-background-color has-background\"><div class=\"wp-block-group__inner-container\">\n<div class=\"wp-block-columns alignwide has-3-columns\">\n<div class=\"wp-block-column\">\n<p>Mit unserem vielf\u00e4ltigen Angebot helfen wir dir dabei, deine angestrebten Ziele zu erreichen. Du bist nicht sicher, was du brauchst und was das kostet? Wir erkl\u00e4ren dir, welche Angebote f\u00fcr dich passend sind und informieren dich \u00fcber unsere Preise. Kontaktinfos findest du weiter unten. <\/p>\n\n\n\n<p> <\/p>\n\n\n\n<div style=\"height:20px\" aria-hidden=\"true\" class=\"wp-block-spacer\"><\/div>\n\n\n\n<div class=\"wp-block-columns\">\n<div class=\"wp-block-column\">\n<p>Eine \u00dcbersicht \u00fcber unser Ausbildungsjahr findest du nebenstehend in unserem Ausbildungskalender.<\/p>\n<\/div>\n\n\n\n<div class=\"wp-block-column is-vertically-aligned-top\">\n<div class=\"wp-block-group\"><div class=\"wp-block-group__inner-container\">\n<p><a href=\"https:\/\/www.ftonord.de\/wp-content\/uploads\/2025\/01\/kalender-2025.pdf\" data-type=\"URL\" data-id=\"https:\/\/www.ftonord.de\/wp-content\/uploads\/2025\/01\/kalender-2025.pdf\" target=\"_blank\" rel=\"noreferrer noopener\">Ausbildungskalender 2025<\/a><\/p>\n\n\n\n<p><\/p>\n<\/div><\/div>\n<\/div>\n<\/div>\n<\/div>\n<\/div>\n\n\n\n<hr class=\"wp-block-separator aligncenter has-text-color has-background has-black-background-color has-black-color is-style-dots\"\/>\n\n\n\n<div class=\"wp-block-columns alignwide has-3-columns\">\n<div class=\"wp-block-column\">\n<h2 class=\"has-text-align-left has-colibri-color-1-color has-text-color\"><a href=\"https:\/\/www.ftonord.de\/?page_id=120\" data-type=\"page\"><span class=\"has-inline-color has-foreground-dark-color\"><span style=\"text-decoration:underline;\">ATPL(A)<\/span><\/span><\/a><\/h2>\n\n\n\n<p class=\"has-small-font-size\">Lizenz f\u00fcr Verkehrsflugzeugf\u00fchrer:innen &#8230;<a href=\"https:\/\/www.ftonord.de\/?page_id=120\" data-type=\"page\"><span class=\"has-inline-color has-secondary-color\"><span style=\"text-decoration:underline;\">more<\/span><\/span><\/a><\/p>\n<\/div>\n\n\n\n<div class=\"wp-block-column\">\n<h2 class=\"has-text-align-left\"><a href=\"https:\/\/www.ftonord.de\/?page_id=112\" data-type=\"page\"><span class=\"has-inline-color has-foreground-dark-color\"><span style=\"text-decoration:underline;\">CPL(A)<\/span><\/span><\/a><\/h2>\n\n\n\n<p class=\"has-small-font-size\">Lizenz f\u00fcr Berufspilot:innen &#8230;<a href=\"https:\/\/www.ftonord.de\/?page_id=112\" data-type=\"page\"><span class=\"has-inline-color has-secondary-color\"><span style=\"text-decoration:underline;\">more<\/span><\/span><\/a><\/p>\n<\/div>\n\n\n\n<div class=\"wp-block-column\">\n<h2 class=\"has-text-align-left\"><a href=\"https:\/\/www.ftonord.de\/?page_id=134\" data-type=\"page\"><span class=\"has-inline-color has-foreground-dark-color\"><span style=\"text-decoration:underline;\">PPL(A)<\/span><\/span><\/a><\/h2>\n\n\n\n<p class=\"has-small-font-size\">Lizenz f\u00fcr Privatpilot:innen  &#8230;<a href=\"https:\/\/www.ftonord.de\/?page_id=134\" data-type=\"page\"><span class=\"has-inline-color has-secondary-color\"><span style=\"text-decoration:underline;\">more<\/span><\/span><\/a><\/p>\n<\/div>\n<\/div>\n\n\n\n<div class=\"wp-block-columns alignwide has-3-columns\">\n<div class=\"wp-block-column\">\n<h2 class=\"has-text-align-left\"><a href=\"https:\/\/www.ftonord.de\/?page_id=137\" data-type=\"page\"><span class=\"has-inline-color has-foreground-dark-color\"><span style=\"text-decoration:underline;\">IR(A)<\/span><\/span><\/a><\/h2>\n\n\n\n<p class=\"has-small-font-size\">Instrumentenflugberechtigung &#8230;<a href=\"https:\/\/www.ftonord.de\/?page_id=137\" data-type=\"page\"><span class=\"has-inline-color has-secondary-color\"><span style=\"text-decoration:underline;\">more<\/span><\/span><\/a><\/p>\n<\/div>\n\n\n\n<div class=\"wp-block-column\">\n<h2 class=\"has-text-align-left\"><a href=\"https:\/\/www.ftonord.de\/?page_id=140\" data-type=\"page\"><span class=\"has-inline-color has-foreground-dark-color\"><span style=\"text-decoration:underline;\">FI(A)<\/span><\/span><\/a><\/h2>\n\n\n\n<p class=\"has-small-font-size\">Lehrberechtigung zur Ausbildung von Flugzeugf\u00fchrer:innen &#8230;<a href=\"https:\/\/www.ftonord.de\/?page_id=140\" data-type=\"page\"><span class=\"has-inline-color has-secondary-color\"><span style=\"text-decoration:underline;\">more<\/span><\/span><\/a><\/p>\n<\/div>\n\n\n\n<div class=\"wp-block-column\">\n<h2 class=\"has-text-align-left\"><a href=\"https:\/\/www.ftonord.de\/?page_id=533\" data-type=\"page\"><span class=\"has-inline-color has-foreground-dark-color\"><span style=\"text-decoration:underline;\">FI-IR(A)\/IRI(A)<\/span><\/span><\/a><\/h2>\n\n\n\n<p class=\"has-small-font-size\">Lehrberechtigung zum Ausbilden nach Instrumentenflugregeln &#8230;<a href=\"https:\/\/www.ftonord.de\/?page_id=533\" data-type=\"page\"><span class=\"has-inline-color has-secondary-color\"><span style=\"text-decoration:underline;\">more<\/span><\/span><\/a><\/p>\n<\/div>\n<\/div>\n\n\n\n<div class=\"wp-block-columns alignwide has-3-columns\">\n<div class=\"wp-block-column\">\n<h2 class=\"has-text-align-left\"><a href=\"https:\/\/www.ftonord.de\/?page_id=146\" data-type=\"page\"><span class=\"has-inline-color has-foreground-dark-color\"><span style=\"text-decoration:underline;\">LAPL(A)<\/span><\/span><\/a><\/h2>\n\n\n\n<p class=\"has-small-font-size\">Pilotenlizenz f\u00fcr Leichtflugzeuge &#8230;<a href=\"https:\/\/www.ftonord.de\/?page_id=146\" data-type=\"page\"><span class=\"has-inline-color has-secondary-color\"><span style=\"text-decoration:underline;\">more<\/span><\/span><\/a><\/p>\n<\/div>\n\n\n\n<div class=\"wp-block-column\">\n<h2 class=\"has-text-align-left\"><a href=\"https:\/\/www.ftonord.de\/?page_id=149\" data-type=\"page\"><span class=\"has-inline-color has-foreground-dark-color\"><span style=\"text-decoration:underline;\">SEP\/MEP(L)<\/span><\/span><\/a><\/h2>\n\n\n\n<p class=\"has-small-font-size\">Klassenberechtigung &#8230;<a href=\"https:\/\/www.ftonord.de\/?page_id=149\" data-type=\"page\"><span class=\"has-inline-color has-secondary-color\"><span style=\"text-decoration:underline;\">more<\/span><\/span><\/a><\/p>\n<\/div>\n\n\n\n<div class=\"wp-block-column\">\n<h2 class=\"has-text-align-left\"><a href=\"https:\/\/www.ftonord.de\/?page_id=152\" data-type=\"page\"><span class=\"has-inline-color has-foreground-dark-color\"><span style=\"text-decoration:underline;\">Nachtflug(A)<\/span><\/span><\/a><\/h2>\n\n\n\n<p class=\"has-small-font-size\">Nachtflugberechtigung &#8230;<a href=\"https:\/\/www.ftonord.de\/?page_id=152\" data-type=\"page\"><span class=\"has-inline-color has-secondary-color\"><span style=\"text-decoration:underline;\">more<\/span><\/span><\/a><\/p>\n<\/div>\n<\/div>\n\n\n\n<div class=\"wp-block-columns alignwide has-3-columns\">\n<div class=\"wp-block-column\">\n<h2 class=\"has-text-align-left\"><a href=\"https:\/\/www.ftonord.de\/?page_id=158\" data-type=\"page\"><span class=\"has-inline-color has-foreground-dark-color\"><span style=\"text-decoration:underline;\">AZF<\/span><\/span><\/a><\/h2>\n\n\n\n<p class=\"has-small-font-size\">Allgemeines Sprechfunkzeugnis f\u00fcr den Flugfunkdienst &#8230;<a href=\"https:\/\/www.ftonord.de\/?page_id=158\" data-type=\"page\"><span class=\"has-inline-color has-secondary-color\"><span style=\"text-decoration:underline;\">more<\/span><\/span><\/a><\/p>\n<\/div>\n\n\n\n<div class=\"wp-block-column\">\n<h2 class=\"has-text-align-left\"><a href=\"https:\/\/www.ftonord.de\/?page_id=155\" data-type=\"page\"><span class=\"has-inline-color has-foreground-dark-color\"><span style=\"text-decoration:underline;\">BZF I + II<\/span><\/span><\/a><\/h2>\n\n\n\n<p class=\"has-small-font-size\">Beschr\u00e4nkt g\u00fcltiges Sprechfunkzeugnis f\u00fcr den Flugfunkdienst &#8230;<a href=\"https:\/\/www.ftonord.de\/?page_id=155\" data-type=\"page\"><span class=\"has-inline-color has-secondary-color\"><span style=\"text-decoration:underline;\">more<\/span><\/span><\/a><\/p>\n<\/div>\n\n\n\n<div class=\"wp-block-column\">\n<h2 class=\"has-text-align-left\"><a href=\"https:\/\/www.ftonord.de\/?page_id=470\" data-type=\"page\"><span class=\"has-inline-color has-foreground-dark-color\"><span style=\"text-decoration:underline;\">ScreeningPrep<\/span><\/span><\/a><\/h2>\n\n\n\n<p class=\"has-small-font-size\">Mit Simulator auf Screening und Check-Fl\u00fcge vorbereiten&#8230;<a href=\"https:\/\/www.ftonord.de\/?page_id=470\" data-type=\"page\"><span class=\"has-inline-color has-secondary-color\">more<\/span><\/a><\/p>\n<\/div>\n<\/div>\n\n\n\n<hr class=\"wp-block-separator aligncenter is-style-wide\"\/>\n\n\n\n<div class=\"wp-block-buttons is-content-justification-center\">\n<div class=\"wp-block-button\"><a class=\"wp-block-button__link has-secondary-background-color has-background\" href=\"https:\/\/www.ftonord.de\/?page_id=8\">In Kontakt treten<\/a><\/div>\n<\/div>\n\n\n\n<hr class=\"wp-block-separator aligncenter is-style-wide\"\/>\n\n\n\n<p><\/p>\n<\/div><\/div>\n\n\n\n<p><\/p>\n","protected":false},"excerpt":{"rendered":"<p>Mit unserem vielf\u00e4ltigen Angebot helfen wir dir dabei, deine angestrebten Ziele zu erreichen. Du bist nicht sicher, was du brauchst und was das kostet? Wir erkl\u00e4ren dir, welche Angebote f\u00fcr dich passend sind und informieren dich \u00fcber unsere Preise. Kontaktinfos findest du weiter unten. Eine \u00dcbersicht \u00fcber unser Ausbildungsjahr findest du nebenstehend in unserem Ausbildungskalender. [&hellip;]<\/p>\n","protected":false},"author":2,"featured_media":0,"parent":35,"menu_order":0,"comment_status":"closed","ping_status":"closed","template":"","meta":{"spay_email":""},"_links":{"self":[{"href":"https:\/\/www.ftonord.de\/index.php?rest_route=\/wp\/v2\/pages\/452"}],"collection":[{"href":"https:\/\/www.ftonord.de\/index.php?rest_route=\/wp\/v2\/pages"}],"about":[{"href":"https:\/\/www.ftonord.de\/index.php?rest_route=\/wp\/v2\/types\/page"}],"author":[{"embeddable":true,"href":"https:\/\/www.ftonord.de\/index.php?rest_route=\/wp\/v2\/users\/2"}],"replies":[{"embeddable":true,"href":"https:\/\/www.ftonord.de\/index.php?rest_route=%2Fwp%2Fv2%2Fcomments&post=452"}],"version-history":[{"count":41,"href":"https:\/\/www.ftonord.de\/index.php?rest_route=\/wp\/v2\/pages\/452\/revisions"}],"predecessor-version":[{"id":3748,"href":"https:\/\/www.ftonord.de\/index.php?rest_route=\/wp\/v2\/pages\/452\/revisions\/3748"}],"up":[{"embeddable":true,"href":"https:\/\/www.ftonord.de\/index.php?rest_route=\/wp\/v2\/pages\/35"}],"wp:attachment":[{"href":"https:\/\/www.ftonord.de\/index.php?rest_route=%2Fwp%2Fv2%2Fmedia&parent=452"}],"curies":[{"name":"wp","href":"https:\/\/api.w.org\/{rel}","templated":true}]}}