{"id":533,"date":"2021-10-06T13:45:31","date_gmt":"2021-10-06T11:45:31","guid":{"rendered":"https:\/\/pilotbenito.wordpress.com\/?page_id=533"},"modified":"2025-01-22T12:03:41","modified_gmt":"2025-01-22T12:03:41","slug":"fi-ira-iria-flight-instructor","status":"publish","type":"page","link":"https:\/\/www.ftonord.de\/?page_id=533","title":{"rendered":"FI-IR(A)\/IRI(A) Flight Instructor"},"content":{"rendered":"\n<p class=\"has-small-font-size\">Die <strong>FI-IR(A)\/IRI(A)<\/strong>, die <strong>\u201cLehrberechtigung<\/strong> <strong>f\u00fcr Pilot:innen (Flugzeug) nach Instrumentenflugregeln\u201d<\/strong>nach Teil-FCL ist eine europaweit g\u00fcltige und in vielen anderen Staaten anerkannte Berechtigung zum Ausbilden von Pilot:innen nach Instrumentenflugregeln. <\/p>\n\n\n\n<p class=\"has-small-font-size\"><\/p>\n\n\n\n<h5>Ausbildungsablauf<\/h5>\n\n\n\n<p class=\"has-small-font-size\">Diese Ausbildung besteht aus Theorie und Praxis. Die Theoriestunden werden in unseren R\u00e4umen in der FTO Nord in Hamburg durchgef\u00fchrt. Den n\u00e4chsten Start-Termin kannst du unserem <a href=\"https:\/\/www.ftonord.de\/wp-content\/uploads\/2025\/01\/kalender-2025.pdf\" target=\"_blank\" rel=\"noreferrer noopener\">Ausbildungskalender <\/a>entnehmen. <\/p>\n\n\n\n<p class=\"has-small-font-size\">Die praktische Ausbildung findet auf dem Flugzeugmuster C172 am Verkehrsflughafen L\u00fcbeck EDHL statt. Der Flugbetrieb findet wochentags wie auch an Wochenenden durchgehend statt.<\/p>\n\n\n\n<h5>Die Ausbildungsvoraussetzungen:<\/h5>\n\n\n\n<ul class=\"has-small-font-size\"><li>Mindestalter 18 Jahre<\/li><li>G\u00fcltige CPL(A) oder PPL(A) mit (200h IFR-Flugerfahrung f\u00fcr FI(A)-Inhaber, ansonsten 800h IFR-Flugerfahrung).<\/li><li>Flieger\u00e4rztliches Tauglichkeitszeugnis mind. Klasse II<\/li><li>FAER \/ Fahreignungsregister Auszug<\/li><\/ul>\n\n\n\n<p class=\"has-small-font-size\">Die genauen Details erf\u00e4hrst du bei der Anmeldung in der FTO Nord<\/p>\n\n\n\n<p><strong> Preise:<\/strong> Melde dich bei uns f\u00fcr einen aktuellen Preis. <\/p>\n\n\n\n<hr class=\"wp-block-separator aligncenter is-style-wide\"\/>\n\n\n\n<div class=\"wp-block-buttons is-content-justification-center\">\n<div class=\"wp-block-button\"><a class=\"wp-block-button__link has-secondary-background-color has-background\" href=\"https:\/\/www.ftonord.de\/?page_id=452\">Zur\u00fcck zur \u00dcbersicht<\/a><\/div>\n\n\n\n<div class=\"wp-block-button\"><a class=\"wp-block-button__link has-secondary-background-color has-background\" href=\"#\">Zur\u00fcck nach oben<\/a><\/div>\n\n\n\n<div class=\"wp-block-button\"><a class=\"wp-block-button__link has-secondary-background-color has-background\" href=\"https:\/\/www.ftonord.de\/?page_id=8\">In Kontakt treten<\/a><\/div>\n<\/div>\n\n\n\n<hr class=\"wp-block-separator aligncenter is-style-wide\"\/>\n\n\n\n<p><\/p>\n","protected":false},"excerpt":{"rendered":"<p>Die FI-IR(A)\/IRI(A), die \u201cLehrberechtigung f\u00fcr Pilot:innen (Flugzeug) nach Instrumentenflugregeln\u201dnach Teil-FCL ist eine europaweit g\u00fcltige und in vielen anderen Staaten anerkannte Berechtigung zum Ausbilden von Pilot:innen nach Instrumentenflugregeln. Ausbildungsablauf Diese Ausbildung besteht aus Theorie und Praxis. Die Theoriestunden werden in unseren R\u00e4umen in der FTO Nord in Hamburg durchgef\u00fchrt. Den n\u00e4chsten Start-Termin kannst du unserem Ausbildungskalender [&hellip;]<\/p>\n","protected":false},"author":2,"featured_media":0,"parent":452,"menu_order":0,"comment_status":"closed","ping_status":"closed","template":"","meta":{"spay_email":""},"_links":{"self":[{"href":"https:\/\/www.ftonord.de\/index.php?rest_route=\/wp\/v2\/pages\/533"}],"collection":[{"href":"https:\/\/www.ftonord.de\/index.php?rest_route=\/wp\/v2\/pages"}],"about":[{"href":"https:\/\/www.ftonord.de\/index.php?rest_route=\/wp\/v2\/types\/page"}],"author":[{"embeddable":true,"href":"https:\/\/www.ftonord.de\/index.php?rest_route=\/wp\/v2\/users\/2"}],"replies":[{"embeddable":true,"href":"https:\/\/www.ftonord.de\/index.php?rest_route=%2Fwp%2Fv2%2Fcomments&post=533"}],"version-history":[{"count":16,"href":"https:\/\/www.ftonord.de\/index.php?rest_route=\/wp\/v2\/pages\/533\/revisions"}],"predecessor-version":[{"id":3844,"href":"https:\/\/www.ftonord.de\/index.php?rest_route=\/wp\/v2\/pages\/533\/revisions\/3844"}],"up":[{"embeddable":true,"href":"https:\/\/www.ftonord.de\/index.php?rest_route=\/wp\/v2\/pages\/452"}],"wp:attachment":[{"href":"https:\/\/www.ftonord.de\/index.php?rest_route=%2Fwp%2Fv2%2Fmedia&parent=533"}],"curies":[{"name":"wp","href":"https:\/\/api.w.org\/{rel}","templated":true}]}}