{"id":64,"date":"2020-03-29T16:55:12","date_gmt":"2020-03-29T14:55:12","guid":{"rendered":"https:\/\/pilotbenito.wordpress.com\/?page_id=64"},"modified":"2025-04-07T04:10:11","modified_gmt":"2025-04-07T04:10:11","slug":"flugzeugcharter","status":"publish","type":"page","link":"https:\/\/www.ftonord.de\/?page_id=64","title":{"rendered":"Flugzeugcharter"},"content":{"rendered":"\n<p class=\"has-text-align-left has-small-font-size\">Ready for departure? <\/p>\n\n\n\n<p class=\"has-small-font-size\">Du kannst unsere Flugzeuge ab dem Flughafen L\u00fcbeck jederzeit chartern.<br>Alle Flugzeug sind f\u00fcr den IFR-Betrieb zugelassen, sehr gepflegt und hervorragend ausgestattet. Der Simulator steht dir selbstverst\u00e4ndlich auch nach Absprache jederzeit in Hamburg zur Verf\u00fcgung.<\/p>\n\n\n\n<p class=\"has-small-font-size\">Nach einem Checkflug k\u00f6nnen registrierte Kunden direkt \u00fcber das Reservierungssystem FlightLogger den Status unserer Flugzeuge erfragen. Hier ist es auch m\u00f6glich, einfach und unkompliziert selber zu reservieren.<\/p>\n\n\n\n<p class=\"has-small-font-size\">Alle Preise sind nass inkl. MwSt. pro Stunde! Abgerechnet wird dann minutengenau nach Flugzeit.<\/p>\n\n\n\n<div class=\"wp-block-columns alignwide has-3-columns\">\n<div class=\"wp-block-column has-small-font-size\">\n<div class=\"wp-block-image\"><figure class=\"aligncenter size-large\"><img loading=\"lazy\" width=\"1024\" height=\"768\" src=\"https:\/\/i2.wp.com\/www2.ftonord.de\/wp-content\/uploads\/2021\/10\/bildlr-1024x768.jpg?resize=1024%2C768&#038;ssl=1\" alt=\"\" class=\"wp-image-574\" srcset=\"https:\/\/i0.wp.com\/www.ftonord.de\/wp-content\/uploads\/2021\/10\/bildlr.jpg?resize=1024%2C768&amp;ssl=1 1024w, https:\/\/i0.wp.com\/www.ftonord.de\/wp-content\/uploads\/2021\/10\/bildlr.jpg?resize=300%2C225&amp;ssl=1 300w, https:\/\/i0.wp.com\/www.ftonord.de\/wp-content\/uploads\/2021\/10\/bildlr.jpg?resize=768%2C576&amp;ssl=1 768w, https:\/\/i0.wp.com\/www.ftonord.de\/wp-content\/uploads\/2021\/10\/bildlr.jpg?resize=1536%2C1152&amp;ssl=1 1536w, https:\/\/i0.wp.com\/www.ftonord.de\/wp-content\/uploads\/2021\/10\/bildlr.jpg?resize=1568%2C1176&amp;ssl=1 1568w, https:\/\/i0.wp.com\/www.ftonord.de\/wp-content\/uploads\/2021\/10\/bildlr.jpg?w=2048&amp;ssl=1 2048w\" sizes=\"(max-width: 1000px) 100vw, 1000px\" data-recalc-dims=\"1\" \/><\/figure><\/div>\n\n\n\n<h3 class=\"has-text-align-left\">DEILR Cessna C172P<\/h3>\n\n\n\n<div class=\"wp-block-group\"><div class=\"wp-block-group__inner-container\">\n<p>264,00 \u20ac\/Stunde<br>(inkl. Treibstoff \/ inkl. MwSt)<\/p>\n\n\n\n<p><strong>Ausr\u00fcstung:<\/strong><\/p>\n\n\n\n<p>Slaved HSI, G5, GNS 430, S-TEC 55X Autopilot, EDM 700 Engine Monitor, 4-Platz-Intercom, Mode S-Transponder<\/p>\n\n\n\n<p><strong>Technische Daten<\/strong> <\/p>\n\n\n\n<p>MTOM-BM= 1089 Kg &#8211; 686Kg = 403Kg<\/p>\n\n\n\n<p>Motor: O-320-D2J mit 160 PS aus 5,2 l Hubraum<\/p>\n\n\n\n<p>Cruise Speed: 75% 105 KTAS@NN  &amp; 115KTAS@8000ft  <\/p>\n\n\n\n<p><strong>Reichweite<\/strong> <\/p>\n\n\n\n<p>Tanks 189 l ausfliegbar = 5,5 Stunden plus Reserve ca. 570 NM<\/p>\n<\/div><\/div>\n<\/div>\n\n\n\n<div class=\"wp-block-column has-small-font-size\">\n<div class=\"wp-block-image\"><figure class=\"aligncenter size-large\"><img loading=\"lazy\" width=\"1024\" height=\"768\" src=\"https:\/\/i0.wp.com\/www2.ftonord.de\/wp-content\/uploads\/2021\/10\/bildry-1024x768.jpg?resize=1024%2C768&#038;ssl=1\" alt=\"\" class=\"wp-image-573\" srcset=\"https:\/\/i1.wp.com\/www.ftonord.de\/wp-content\/uploads\/2021\/10\/bildry.jpg?resize=1024%2C768&amp;ssl=1 1024w, https:\/\/i1.wp.com\/www.ftonord.de\/wp-content\/uploads\/2021\/10\/bildry.jpg?resize=300%2C225&amp;ssl=1 300w, https:\/\/i1.wp.com\/www.ftonord.de\/wp-content\/uploads\/2021\/10\/bildry.jpg?resize=768%2C576&amp;ssl=1 768w, https:\/\/i1.wp.com\/www.ftonord.de\/wp-content\/uploads\/2021\/10\/bildry.jpg?resize=1536%2C1152&amp;ssl=1 1536w, https:\/\/i1.wp.com\/www.ftonord.de\/wp-content\/uploads\/2021\/10\/bildry.jpg?resize=1568%2C1176&amp;ssl=1 1568w, https:\/\/i1.wp.com\/www.ftonord.de\/wp-content\/uploads\/2021\/10\/bildry.jpg?w=2048&amp;ssl=1 2048w\" sizes=\"(max-width: 1000px) 100vw, 1000px\" data-recalc-dims=\"1\" \/><\/figure><\/div>\n\n\n\n<h3 class=\"has-text-align-left\">DEMRY Piper PA-28 R201 Arrow III<\/h3>\n\n\n\n<p>330,00 \u20ac\/Stunde<br>(inkl. Treibstoff \/ inkl. MwSt)<\/p>\n\n\n\n<p><strong>Ausr\u00fcsung:<\/strong><\/p>\n\n\n\n<p>Slaved HSI, GNS 430, GNC255A, 4-Platz-Intercom, Verstellprop, Einziehfahrwerk<\/p>\n\n\n\n<p><strong>Technische Daten<\/strong> <\/p>\n\n\n\n<p>MTOM-BM= 1247 Kg &#8211; 735 Kg = 512Kg<\/p>\n\n\n\n<p>Motor: IO-360-C1C6 mit 200 PS aus 5,9 l Hubraum<\/p>\n\n\n\n<p>Cruise Speed: 75% 115 KTAS@NN &amp; 125 KTAS@8000ft <\/p>\n\n\n\n<p><strong>Reichweite<\/strong> <\/p>\n\n\n\n<p>Tanks 272 l ausfliegbar = 6 Stunden plus Reserve ca. 850 NM<\/p>\n<\/div>\n<\/div>\n\n\n\n<div class=\"wp-block-columns alignwide has-3-columns\">\n<div class=\"wp-block-column has-small-font-size\">\n<div class=\"wp-block-image\"><figure class=\"aligncenter size-large\"><img loading=\"lazy\" width=\"1024\" height=\"683\" src=\"https:\/\/i0.wp.com\/www2.ftonord.de\/wp-content\/uploads\/2021\/10\/img_40722-1024x683.jpg?resize=1024%2C683&#038;ssl=1\" alt=\"\" class=\"wp-image-579\" srcset=\"https:\/\/i2.wp.com\/www.ftonord.de\/wp-content\/uploads\/2021\/10\/img_40722.jpg?resize=1024%2C683&amp;ssl=1 1024w, https:\/\/i2.wp.com\/www.ftonord.de\/wp-content\/uploads\/2021\/10\/img_40722.jpg?resize=300%2C200&amp;ssl=1 300w, https:\/\/i2.wp.com\/www.ftonord.de\/wp-content\/uploads\/2021\/10\/img_40722.jpg?resize=768%2C512&amp;ssl=1 768w, https:\/\/i2.wp.com\/www.ftonord.de\/wp-content\/uploads\/2021\/10\/img_40722.jpg?resize=1536%2C1024&amp;ssl=1 1536w, https:\/\/i2.wp.com\/www.ftonord.de\/wp-content\/uploads\/2021\/10\/img_40722.jpg?resize=2048%2C1366&amp;ssl=1 2048w, https:\/\/i2.wp.com\/www.ftonord.de\/wp-content\/uploads\/2021\/10\/img_40722.jpg?resize=1568%2C1046&amp;ssl=1 1568w\" sizes=\"(max-width: 1000px) 100vw, 1000px\" data-recalc-dims=\"1\" \/><\/figure><\/div>\n\n\n\n<h3 class=\"has-text-align-left\">DEALT Cessna C172S<\/h3>\n\n\n\n<p>320,00 \u20ac\/Stunde<br>(inkl. Treibstoff \/ inkl. MwSt)<\/p>\n\n\n\n<p><strong>Ausr\u00fcstung:<\/strong><\/p>\n\n\n\n<p>Garmin G1000 (inkl. AP, TCAS, Terrain &#8230;), zus\u00e4tzlich PowerFlarm, 4-Platz-Intercom, Airbags<br><\/p>\n\n\n\n<p><strong>Technische Daten<\/strong><\/p>\n\n\n\n<p>MTOM-BM= 1156 Kg \u2013 755Kg = 401Kg<\/p>\n\n\n\n<p>Motor: IO-360-L2A mit 180 PS aus 5,9 l Hubraum<\/p>\n\n\n\n<p>Cruise Speed: 75% 114 KTAS@NN &amp; 124 KTAS@8000ft<\/p>\n\n\n\n<p><strong>Reichweite<\/strong><\/p>\n\n\n\n<p>Tanks 201 l ausfliegbar = 6 Stunden plus Reserve ca. 600NM<\/p>\n\n\n\n<p><\/p>\n<\/div>\n<\/div>\n\n\n\n<p class=\"has-small-font-size\">Preise sind basierend auf dem AVGAS-Preis von ca. 2,60 \u20ac \/ l in EDHL\/L\u00fcbeck. Sollten die Preise f\u00fcr AVGAS steigen, behalten wir uns eine entsprechende Preisanpassung vor.<\/p>\n\n\n\n<hr class=\"wp-block-separator aligncenter is-style-wide\"\/>\n\n\n\n<div style=\"height:32px\" aria-hidden=\"true\" class=\"wp-block-spacer desktop-only\"><\/div>\n\n\n\n<h2 class=\"has-text-align-center\">Jetzt kann es endlich los gehen&#8230;<\/h2>\n\n\n\n<div class=\"wp-block-button aligncenter\"><a class=\"wp-block-button__link has-secondary-background-color has-background\" href=\"https:\/\/www.ftonord.de\/?page_id=8\">In Kontakt treten<\/a><\/div>\n\n\n\n<div style=\"height:32px\" aria-hidden=\"true\" class=\"wp-block-spacer desktop-only\"><\/div>\n\n\n\n<hr class=\"wp-block-separator aligncenter is-style-wide\"\/>\n\n\n\n<p><\/p>\n","protected":false},"excerpt":{"rendered":"<p>Ready for departure? Du kannst unsere Flugzeuge ab dem Flughafen L\u00fcbeck jederzeit chartern.Alle Flugzeug sind f\u00fcr den IFR-Betrieb zugelassen, sehr gepflegt und hervorragend ausgestattet. Der Simulator steht dir selbstverst\u00e4ndlich auch nach Absprache jederzeit in Hamburg zur Verf\u00fcgung. Nach einem Checkflug k\u00f6nnen registrierte Kunden direkt \u00fcber das Reservierungssystem FlightLogger den Status unserer Flugzeuge erfragen. Hier ist [&hellip;]<\/p>\n","protected":false},"author":2,"featured_media":0,"parent":35,"menu_order":1,"comment_status":"closed","ping_status":"closed","template":"","meta":{"spay_email":""},"_links":{"self":[{"href":"https:\/\/www.ftonord.de\/index.php?rest_route=\/wp\/v2\/pages\/64"}],"collection":[{"href":"https:\/\/www.ftonord.de\/index.php?rest_route=\/wp\/v2\/pages"}],"about":[{"href":"https:\/\/www.ftonord.de\/index.php?rest_route=\/wp\/v2\/types\/page"}],"author":[{"embeddable":true,"href":"https:\/\/www.ftonord.de\/index.php?rest_route=\/wp\/v2\/users\/2"}],"replies":[{"embeddable":true,"href":"https:\/\/www.ftonord.de\/index.php?rest_route=%2Fwp%2Fv2%2Fcomments&post=64"}],"version-history":[{"count":16,"href":"https:\/\/www.ftonord.de\/index.php?rest_route=\/wp\/v2\/pages\/64\/revisions"}],"predecessor-version":[{"id":4357,"href":"https:\/\/www.ftonord.de\/index.php?rest_route=\/wp\/v2\/pages\/64\/revisions\/4357"}],"up":[{"embeddable":true,"href":"https:\/\/www.ftonord.de\/index.php?rest_route=\/wp\/v2\/pages\/35"}],"wp:attachment":[{"href":"https:\/\/www.ftonord.de\/index.php?rest_route=%2Fwp%2Fv2%2Fmedia&parent=64"}],"curies":[{"name":"wp","href":"https:\/\/api.w.org\/{rel}","templated":true}]}}