{"id":8,"date":"2020-03-28T19:09:56","date_gmt":"2020-03-28T17:09:56","guid":{"rendered":"https:\/\/pilotbenito.wordpress.com\/?page_id=8"},"modified":"2025-10-18T12:49:37","modified_gmt":"2025-10-18T12:49:37","slug":"contact","status":"publish","type":"page","link":"https:\/\/www.ftonord.de\/?page_id=8","title":{"rendered":"Kontakt"},"content":{"rendered":"\n<p class=\"has-text-align-left\">Lass uns dar\u00fcber reden. Du erreichst uns einfach \u00fcber die Kontaktangaben weiter unten. \u00dcber das Formular kannst du uns auch eine Nachricht senden.<\/p>\n\n\n\n<div style=\"height:32px\" aria-hidden=\"true\" class=\"wp-block-spacer desktop-only\"><\/div>\n\n\n\n<div class=\"wp-block-columns alignwide has-2-columns\">\n<div class=\"wp-block-column\">\n<h2 class=\"has-text-align-left\">Kontaktiere uns<\/h2>\n\n\n\n<div itemprop=\"location\" itemscope itemtype=\"http:\/\/schema.org\/Organization\" class=\"wp-block-jetpack-contact-info\">\n<div itemprop=\"address\" itemscope itemtype=\"http:\/\/schema.org\/PostalAddress\" class=\"wp-block-jetpack-address\" ><div itemprop=\"streetAddress\" class=\"jetpack-address__address jetpack-address__address1\">FTO Nord Luftfahrtdienstleistungen GmbH<\/div><div itemprop=\"streetAddress\" class=\"jetpack-address__address jetpack-address__address2\">Eiffestra\u00dfe 76<\/div><div itemprop=\"addressLocality\" class=\"jetpack-address__city\">20537 Hamburg<\/div><\/div>\n\n\n\n<div class=\"wp-block-jetpack-email\">info(at)ftonord.de<\/div>\n\n\n\n<div class=\"wp-block-jetpack-phone\"><a href=\"tel:+49 40 37413703\"> Tel: +49 40 37413703<\/a><\/div>\n<\/div>\n<\/div>\n\n\n\n<div class=\"wp-block-column\">\n<h2 class=\"has-text-align-left\">Sende uns eine Nachricht<\/h2>\n\n\n\n<div class=\"wp-block-group\"><div class=\"wp-block-group__inner-container\"><div class=\"wp-block-jetpack-contact-form\"><a href=\"https:\/\/www.ftonord.de\/?page_id=8\" target=\"_blank\" rel=\"noopener noreferrer\">Formular einreichen.<\/a><\/div><\/div><\/div>\n<\/div>\n<\/div>\n","protected":false},"excerpt":{"rendered":"<p>Lass uns dar\u00fcber reden. Du erreichst uns einfach \u00fcber die Kontaktangaben weiter unten. \u00dcber das Formular kannst du uns auch eine Nachricht senden. Kontaktiere uns Sende uns eine Nachricht<\/p>\n","protected":false},"author":2,"featured_media":0,"parent":35,"menu_order":3,"comment_status":"closed","ping_status":"closed","template":"","meta":{"spay_email":""},"_links":{"self":[{"href":"https:\/\/www.ftonord.de\/index.php?rest_route=\/wp\/v2\/pages\/8"}],"collection":[{"href":"https:\/\/www.ftonord.de\/index.php?rest_route=\/wp\/v2\/pages"}],"about":[{"href":"https:\/\/www.ftonord.de\/index.php?rest_route=\/wp\/v2\/types\/page"}],"author":[{"embeddable":true,"href":"https:\/\/www.ftonord.de\/index.php?rest_route=\/wp\/v2\/users\/2"}],"replies":[{"embeddable":true,"href":"https:\/\/www.ftonord.de\/index.php?rest_route=%2Fwp%2Fv2%2Fcomments&post=8"}],"version-history":[{"count":9,"href":"https:\/\/www.ftonord.de\/index.php?rest_route=\/wp\/v2\/pages\/8\/revisions"}],"predecessor-version":[{"id":5627,"href":"https:\/\/www.ftonord.de\/index.php?rest_route=\/wp\/v2\/pages\/8\/revisions\/5627"}],"up":[{"embeddable":true,"href":"https:\/\/www.ftonord.de\/index.php?rest_route=\/wp\/v2\/pages\/35"}],"wp:attachment":[{"href":"https:\/\/www.ftonord.de\/index.php?rest_route=%2Fwp%2Fv2%2Fmedia&parent=8"}],"curies":[{"name":"wp","href":"https:\/\/api.w.org\/{rel}","templated":true}]}}