{"id":86,"date":"2020-04-01T20:08:45","date_gmt":"2020-04-01T18:08:45","guid":{"rendered":"https:\/\/pilotbenito.wordpress.com\/?page_id=86"},"modified":"2025-07-06T10:18:25","modified_gmt":"2025-07-06T10:18:25","slug":"impressum","status":"publish","type":"page","link":"https:\/\/www.ftonord.de\/?page_id=86","title":{"rendered":"Impressum"},"content":{"rendered":"\n<h1><\/h1>\n\n\n\n<p><strong>FTO Nord Luftfahrtdienstleistungen GmbH<\/strong><\/p>\n\n\n\n<p><br>Eiffestra\u00dfe 76<br>20537 Hamburg<br>Tel: 040 \u2013 3741 3703<br>Mail: info(at)ftonord.de<\/p>\n\n\n\n<p><\/p>\n\n\n\n<p><br><strong>Gesch\u00e4ftsf\u00fchrer:<\/strong> Lutz Pelikan, Martin St\u00f6ckle<br>Sitz und Registergericht Hamburg<br>HRB 10 59 54<br>Umsatzsteuer-ID-Nummer<br>DE 259417329<\/p>\n\n\n\n<p><strong>Aufsichtsbeh\u00f6rde:<\/strong><br>Luftfahrt-Bundesamt<br>Hermann-Blenk-Stra\u00dfe 26<br>38108 Braunschweig<\/p>\n\n\n\n<p>Ausbildungserlaubnis: <strong>DE.ATO.109<\/strong><br>LBA-Zulassung des FNPT II: <strong>D-3A-080\/A<\/strong> und <strong>D-3A-080\/B<\/strong><\/p>\n\n\n\n<p>Zu einer Teilnahme an Streitbeilegungsverfahren vor einer Verbraucherschlichtungsstelle sind wir gerne bereit<\/p>\n\n\n\n<p><\/p>\n\n\n\n<h1>Datenschutzerkl\u00e4rung<\/h1>\n\n\n\n<p>Verantwortlicher gem\u00e4\u00df Artikel 4 Absatz 7 EU-Datenschutz-Grundverordnung (DSGVO) ist:<\/p>\n\n\n\n<p><strong>FTO Nord Luftfahrtdienstleistungen GmbH<\/strong><br>Martin St\u00f6ckle<br>Eiffestra\u00dfe 76<br>20537 Hamburg<\/p>\n\n\n\n<p>An diesen wenden Sie sich bitte auch f\u00fcr die Beantwortung von Fragen zur Verarbeitung personenbezogener Daten, bei Ausk\u00fcnften, Berichtigung, Sperrung oder L\u00f6schung von Daten sowie bei Widerruf erteilter Einwilligungen.<\/p>\n\n\n\n<p>Verarbeitung personenbezogener Daten bei Besuch der FTO Nord<br>Bei Nutzung der Website FTO Nord werden nur die personenbezogenen Daten verarbeitet, die Ihr eigener Browser an den Server von FTO Nord \u00fcbermittelt. Die Informationen werden tempor\u00e4r in einem sogenannten Logfile gespeichert.<\/p>\n\n\n\n<p>Dabei k\u00f6nnen ohne Ihr Zutun folgende Informationen erfasst und bis zur automatisierten L\u00f6schung gespeichert werden:<\/p>\n\n\n\n<p>Internet-Protokoll-Adresse des anfragenden Endger\u00e4ts;<br>Datum und Uhrzeit der Anfrage;<br>Inhalt der Anforderung [konkrete Seite];<br>Zugriffsstatus\/HTTP-Statuscode;<br>Website, von der aus der Zugriff erfolgt [Referrer-URL];<br>verwendeter Browser;<br>Betriebssystem des anfragenden Endger\u00e4ts und dessen Oberfl\u00e4che;<br>Sprache und Version der Browsersoftware;<br>Name Ihres Access-Providers;<br>\u00e4hnliche Daten und Informationen, die der Gefahrenabwehr bei Angriffen auf das System FTO Nord dienen.<\/p>\n\n\n\n<p>Die Daten sind f\u00fcr FTO Nord technisch erforderlich, um Ihnen die Website FTO Nord korrekt anzuzeigen, deren komfortable Nutzung sowie die Stabilit\u00e4t und Sicherheit des Systems zu gew\u00e4hrleisten. Rechtsgrundlage f\u00fcr die Datenverarbeitung ist Artikel 6 Absatz 1 Satz 1 lit. f DSGVO. Das berechtigte Interesse von FTO Nord folgt aus den erw\u00e4hnten Zwecken der Datenverarbeitung.<\/p>\n\n\n\n<p>Einsatz von Cookies<br>[1] Auf der Website FTO Nord werden Cookies eingesetzt. Bei Cookies handelt es sich um kleine Textdateien, die auf der Festplatte Ihres Endger\u00e4ts [Computer, Laptop; Tablet, Smartphone etc.] gespeichert und dem von Ihnen verwendeten Browser zugeordnet werden, wenn Sie die Website FTO Nord besuchen. Cookies k\u00f6nnen keine Programme ausf\u00fchren oder Viren oder Trojaner auf Ihr Endger\u00e4t \u00fcbertragen. Sie dienen dazu, das Internetangebot insgesamt nutzerfreundlicher und effektiver zu gestalten.<br>[2] Um die Nutzung f\u00fcr Sie angenehmer zu gestalten, setzt FTO Nord Session-Cookies ein. Diese speichern eine sogenannte Session-ID, mit welcher sich verschiedene Anfragen Ihres Browsers der gemeinsamen Sitzung zuordnen lassen. Dadurch kann Ihr Endger\u00e4t wiedererkannt werden, wenn Sie auf die Website FTO Nord zur\u00fcckkehren. Die Session-Cookies werden automatisch gel\u00f6scht, wenn Sie sich ausloggen bzw. den Browser schlie\u00dfen.<br>[3] Sie k\u00f6nnen Ihre Browser-Einstellung entsprechend Ihren W\u00fcnschen konfigurieren und z.B. die Annahme von Cookies von dritter Seite oder von allen Cookies ablehnen. FTO Nord weist darauf hin, dass Sie dann eventuell nicht alle Funktionen der Website nutzen k\u00f6nnen.<br>[4] Die durch Cookies verarbeiteten Daten sind f\u00fcr die genannten Zwecke zur Wahrung der berechtigten Interessen der FTO Nord sowie der Interessen Dritter nach Artikel 6 Absatz 1 Satz 1 lit. f DSGVO erforderlich.<\/p>\n\n\n\n<p>Verarbeitung personenbezogener Daten bei Kontaktaufnahme<br>Bei Ihrer Kontaktaufnahme mit FTO Nord per Telefon, Telefax oder E-Mail werden die von Ihnen mitgeteilten personenbezogenen Daten von FTO Nord gespeichert, um Ihre Fragen zu beantworten. Die Datenverarbeitung zum Zwecke der Kontaktaufnahme mit FTO Nord erfolgt nach Artikel 6 Absatz 1 Satz 1 lit. a DSGVO auf Grundlage Ihrer freiwillig erteilten Einwilligung. Die in diesem Zusammenhang anfallenden Daten l\u00f6scht FTO Nord , sobald die Speicherung nicht mehr erforderlich ist, oder schr\u00e4nkt die Verarbeitung ein, falls gesetzliche Aufbewahrungspflichten bestehen.<\/p>\n\n\n\n<p>Weitergabe personenbezogener Daten<br>Eine \u00dcbermittlung Ihrer personenbezogenen Daten an Dritte zu anderen als den nachfolgend aufgef\u00fchrten Zwecken findet nicht statt. FTO Nord gibt Ihre pers\u00f6nlichen Daten nur an Dritte weiter, wenn<\/p>\n\n\n\n<p>dies gesetzlich zul\u00e4ssig und nach Artikel 6 Absatz 1 Satz 1 lit. b DSGVO f\u00fcr die Abwicklung von Vertragsverh\u00e4ltnissen mit Ihnen erforderlich ist,<\/p>\n\n\n\n<p>f\u00fcr die Weitergabe nach Artikel 6 Absatz 1 Satz 1 lit. c DSGVO eine gesetzliche Verpflichtung besteht,<\/p>\n\n\n\n<p>die Weitergabe nach Artikel 6 Absatz 1 Satz 1 lit. f DSGVO zur Geltendmachung, Aus\u00fcbung oder Verteidigung von Rechtsanspr\u00fcchen erforderlich ist und kein Grund zur Annahme besteht, dass Sie ein \u00fcberwiegendes schutzw\u00fcrdiges Interesse an der Nichtweitergabe Ihrer Daten haben.<\/p>\n\n\n\n<p>Betroffenenrechte<br>Sie haben gegen\u00fcber FTO Nord unter den gesetzlichen Voraussetzungen folgende Rechte hinsichtlich der Sie betreffenden personenbezogenen Daten:<\/p>\n\n\n\n<p>Recht auf Auskunft [Artikel 15 DSGVO];<br>Recht auf Berichtigung [Artikel 16 DSGVO];<br>Recht auf L\u00f6schung [Artikel 17 DSGVO];<br>Recht auf Einschr\u00e4nkung der Verarbeitung [Artikel 18 DSGVO];<br>Recht auf Widerspruch gegen die Verarbeitung [Artikel 21 DSGVO];<br>Recht auf Daten\u00fcbertragbarkeit [Artikel 20 DSGVO];<br>Recht auf Widerruf Ihrer einmal erteilten Einwilligung [Artikel 7 Absatz 3 DSGVO].<\/p>\n\n\n\n<p>Sie haben zudem das Recht, sich bei einer Datenschutz-Aufsichtsbeh\u00f6rde \u00fcber die Verarbeitung Ihrer personenbezogenen Daten durch FTO Nord zu beschweren.<\/p>\n\n\n\n<p>Datensicherheit<br>FTO Nord bedient sich geeigneter technischer und organisatorischer Sicherheitsma\u00dfnahmen, um Ihre Daten gegen zuf\u00e4llige oder vors\u00e4tzliche Manipulationen, teilweisen oder vollst\u00e4ndigen Verlust, Zerst\u00f6rung oder gegen den unbefugten Zugriff Dritter zu sch\u00fctzen. FTO Nord verbessert die eigenen Sicherheitsma\u00dfnahmen fortlaufend entsprechend der technologischen Entwicklung.<\/p>\n\n\n\n<p>Aktualit\u00e4t und \u00c4nderung dieser Datenschutzerkl\u00e4rung<br>Diese Datenschutzerkl\u00e4rung hat den am Ende angegebenen Stand. Durch die Weiterentwicklung der Website FTO Nord und der Angebote \u00fcber die Website oder aufgrund ge\u00e4nderter gesetzlicher bzw. beh\u00f6rdlicher Vorgaben kann es notwendig werden, diese Datenschutzerkl\u00e4rung anzupassen. Die jeweils aktuelle Datenschutzerkl\u00e4rung kann jederzeit auf der Website FTO Nord abgerufen und ausgedruckt werden.<\/p>\n\n\n\n<p>[Stand: Dezember 2021]<\/p>\n\n\n\n<hr class=\"wp-block-separator aligncenter is-style-wide\"\/>\n\n\n\n<div class=\"wp-block-buttons is-content-justification-center\">\n<div class=\"wp-block-button\"><a class=\"wp-block-button__link has-secondary-background-color has-background\" href=\"https:\/\/www.ftonord.de\/?page_id=86\">Zur\u00fcck nach Oben<\/a><\/div>\n<\/div>\n\n\n\n<hr class=\"wp-block-separator aligncenter is-style-wide\"\/>\n\n\n\n<p><\/p>\n","protected":false},"excerpt":{"rendered":"<p>FTO Nord Luftfahrtdienstleistungen GmbH Eiffestra\u00dfe 7620537 HamburgTel: 040 \u2013 3741 3703Mail: info(at)ftonord.de Gesch\u00e4ftsf\u00fchrer: Lutz Pelikan, Martin St\u00f6ckleSitz und Registergericht HamburgHRB 10 59 54Umsatzsteuer-ID-NummerDE 259417329 Aufsichtsbeh\u00f6rde:Luftfahrt-BundesamtHermann-Blenk-Stra\u00dfe 2638108 Braunschweig Ausbildungserlaubnis: DE.ATO.109LBA-Zulassung des FNPT II: D-3A-080\/A und D-3A-080\/B Zu einer Teilnahme an Streitbeilegungsverfahren vor einer Verbraucherschlichtungsstelle sind wir gerne bereit Datenschutzerkl\u00e4rung Verantwortlicher gem\u00e4\u00df Artikel 4 Absatz 7 EU-Datenschutz-Grundverordnung [&hellip;]<\/p>\n","protected":false},"author":2,"featured_media":0,"parent":35,"menu_order":2,"comment_status":"closed","ping_status":"closed","template":"","meta":{"spay_email":""},"_links":{"self":[{"href":"https:\/\/www.ftonord.de\/index.php?rest_route=\/wp\/v2\/pages\/86"}],"collection":[{"href":"https:\/\/www.ftonord.de\/index.php?rest_route=\/wp\/v2\/pages"}],"about":[{"href":"https:\/\/www.ftonord.de\/index.php?rest_route=\/wp\/v2\/types\/page"}],"author":[{"embeddable":true,"href":"https:\/\/www.ftonord.de\/index.php?rest_route=\/wp\/v2\/users\/2"}],"replies":[{"embeddable":true,"href":"https:\/\/www.ftonord.de\/index.php?rest_route=%2Fwp%2Fv2%2Fcomments&post=86"}],"version-history":[{"count":6,"href":"https:\/\/www.ftonord.de\/index.php?rest_route=\/wp\/v2\/pages\/86\/revisions"}],"predecessor-version":[{"id":5017,"href":"https:\/\/www.ftonord.de\/index.php?rest_route=\/wp\/v2\/pages\/86\/revisions\/5017"}],"up":[{"embeddable":true,"href":"https:\/\/www.ftonord.de\/index.php?rest_route=\/wp\/v2\/pages\/35"}],"wp:attachment":[{"href":"https:\/\/www.ftonord.de\/index.php?rest_route=%2Fwp%2Fv2%2Fmedia&parent=86"}],"curies":[{"name":"wp","href":"https:\/\/api.w.org\/{rel}","templated":true}]}}